{"id":2136,"date":"2018-06-30T18:34:10","date_gmt":"2018-06-30T16:34:10","guid":{"rendered":"https:\/\/verschmitztes-dogwalking.de\/?page_id=2136"},"modified":"2026-04-22T23:52:20","modified_gmt":"2026-04-22T21:52:20","slug":"service","status":"publish","type":"page","link":"https:\/\/verschmitztes-dogwalking.de\/en\/service\/","title":{"rendered":"Service"},"content":{"rendered":"<div class=\"fusion-fullwidth fullwidth-box fusion-builder-row-1 nonhundred-percent-fullwidth non-hundred-percent-height-scrolling fusion-equal-height-columns\" style=\"background-color: rgba(255,255,255,0);background-position: center center;background-repeat: no-repeat;padding-top:0px;padding-right:0px;padding-bottom:60px;padding-left:0px;margin-bottom: 2%;margin-top: 5%;border-width: 0px 0px 0px 0px;border-color:#eae9e9;border-style:solid;\" ><div class=\"fusion-builder-row fusion-row\"><div class=\"fusion-layout-column fusion_builder_column fusion-builder-column-0 fusion_builder_column_1_2 1_2 fusion-one-half fusion-column-first\" style=\"width:50%;width:calc(50% - ( ( 8% ) * 0.5 ) );margin-right: 8%;margin-top:0px;margin-bottom:40px;\"><div class=\"fusion-column-wrapper fusion-flex-column-wrapper-legacy\" style=\"background-position:left top;background-repeat:no-repeat;-webkit-background-size:cover;-moz-background-size:cover;-o-background-size:cover;background-size:cover;padding: 0px 0px 0px 0px;\"><div class=\"fusion-text fusion-text-1\"><h3>Vereinbaren Sie einen Termin<\/h3>\n<\/div><div class=\"fusion-text fusion-text-2\"><p>Wenn Sie Ihren Hund f\u00fcrs Dogwalking anmelden wollen, Interesse am Hundetraining haben oder auch wenn Sie weitere Fragen haben, rufen Sie uns gerne an und vereinbaren Sie einen unverbindlichen Termin mit uns.<\/p>\n<\/div><div class=\"fusion-menu-anchor\" id=\"Preise\"><\/div><div class=\"fusion-sep-clear\"><\/div><div class=\"fusion-separator fusion-full-width-sep\" style=\"margin-left: auto;margin-right: auto;width:100%;\"><\/div><div class=\"fusion-sep-clear\"><\/div><div class=\"fusion-sep-clear\"><\/div><div class=\"fusion-separator fusion-full-width-sep\" style=\"margin-left: auto;margin-right: auto;width:100%;\"><\/div><div class=\"fusion-sep-clear\"><\/div><div class=\"fusion-sep-clear\"><\/div><div class=\"fusion-separator fusion-full-width-sep\" style=\"margin-left: auto;margin-right: auto;width:100%;\"><\/div><div class=\"fusion-sep-clear\"><\/div><div class=\"fusion-text fusion-text-3\"><h3>Unsere Preise:<\/h3>\n<\/div><style type='text\/css'>\n\t\t\t\t.pricing-table-1 .panel-container, .pricing-table-1 .standout .panel-container,\n\t\t\t\t.pricing-table-1.full-boxed-pricing {background-color:#f5f5f5;}\n\t\t\t\t.pricing-table-1 .list-group .list-group-item,\n\t\t\t\t.pricing-table-1 .list-group .list-group-item:last-child{background-color:#ffffff; border-color:#ededed;}\n\t\t\t\t.pricing-table-1.full-boxed-pricing .panel-wrapper:hover .panel-heading,\n\t\t\t\t.pricing-table-1 .panel-wrapper:hover .list-group-item {background-color:#f5f5f5;}\n\t\t\t\t.pricing-table-1.full-boxed-pricing .panel-heading{background-color:#ffffff;}\n\t\t\t\t.pricing-table-1 .fusion-panel, .pricing-table-1 .panel-wrapper:last-child .fusion-panel,\n\t\t\t\t.pricing-table-1 .standout .fusion-panel, .pricing-table-1  .panel-heading,\n\t\t\t\t.pricing-table-1 .panel-body, .pricing-table-1 .panel-footer{border-color:#ededed;}\n\t\t\t\t.pricing-table-1 .panel-body,.pricing-table-1 .panel-footer{background-color:#f5f5f5;}\n\t\t\t\t.pricing-table-1.sep-boxed-pricing .panel-heading h3{color:#3d434c;}\n\t\t\t\t.pricing-table-1.full-boxed-pricing.fusion-pricing-table .panel-heading h3{color:#3d434c;}\n\t\t\t\t.pricing-table-1.fusion-pricing-table .panel-body .price .decimal-part{color:#3ec492;}\n\t\t\t\t.pricing-table-1.fusion-pricing-table .panel-body .price .integer-part{color:#3ec492;}\n\t\t\t\t.pricing-table-1 ul.list-group li{color:#a1a4aa;}\n\t\t\t\t<\/style><div class=\"fusion-pricing-table pricing-table-1 full-boxed-pricing row fusion-columns-1 columns-1 fusion-clearfix\"><div class=\"panel-wrapper fusion-column column col-lg-12 col-md-12 col-sm-12 standout fusion-pricingtable-column\"><div class=\"panel-container\"><div class=\"fusion-panel\"><div class=\"panel-heading\"><h3 class=\"title-row\">Dogwalking<\/h3><\/div><div class=\"panel-body pricing-row\"><div class=\"price \"><span class=\"currency\">ab \u20ac<\/span><span class=\"integer-part\"> 25,00*<\/span><span class=\"time price-without-decimal\">Tour<\/span><\/div><\/div><\/ul><\/div><\/div><\/div><\/div><div class=\"fusion-text fusion-text-4\"><div class=\"fusion-layout-column fusion_builder_column fusion-builder-column-0 fusion_builder_column_1_2 1_2 fusion-one-half fusion-column-first\">\n<div class=\"fusion-column-wrapper fusion-flex-column-wrapper-legacy\">\n<div class=\"fusion-text fusion-text-4\">\n<p align=\"center\"><span style=\"color: #000000;\">5x Dogwalking \/ Woche<br \/><\/span><span style=\"color: #000000;\"><strong> 25 Euro<\/strong><\/span><\/p>\n<p align=\"center\"><span style=\"color: #000000;\">3 \u2013 4x Dogwalking \/ Woche<\/span><span style=\"color: #000000;\"><strong><br \/>28 Euro<\/strong><\/span><br \/><span style=\"color: #000000;\"><strong><br \/>\n<\/strong><\/span><\/p>\n<p align=\"center\"><span style=\"color: #000000;\">1 &#8211; 2x Dogwalking \/ Woche<br \/><strong> 30 Euro<\/strong><\/span><\/p>\n<p align=\"center\"><span style=\"color: #000000;\">Flextarif (gelegentliche Touren)<br \/><strong>35 Euro<\/strong><\/span><\/p>\n<\/div>\n<\/div>\n<\/div>\n<div class=\"fusion-layout-column fusion_builder_column fusion-builder-column-1 fusion_builder_column_1_2 1_2 fusion-one-half fusion-column-last\">\n<div class=\"fusion-column-wrapper fusion-flex-column-wrapper-legacy\">\n<div class=\"fusion-clearfix\"><span style=\"color: rgb(2, 2, 2);\">Keine Abo-Verpflichtung und keine versteckten Kosten. Bezahlt werden nur tats\u00e4chlich durchgef\u00fchrte Touren. Touren k\u00f6nnen jederzeit bis 24 Stunden vor Beginn kostenlos abgesagt werden. Bei einer Absage weniger als 24 Stunden vor Beginn der Tour (Tourstart 9 Uhr) wird die Tour vollst\u00e4ndig berechnet.<\/span><br \/><span style=\"color: rgb(2, 2, 2);\"><br \/>\nFlextarif: f\u00fcr gelegentliche Touren, die nicht regelm\u00e4\u00dfig w\u00f6chentlich gebucht werden. Keine Platzgarantie &#8211; Mitnahme erfolgt nur, wenn Platz auf der Tour vorhanden.<\/span><\/div>\n<\/div>\n<\/div>\n<\/div>\n<div class=\"table-1\">\n<table width=\"100%\">\n<thead>\n<tr>\n<th align=\"left\">Beschreibung<\/th>\n<th align=\"left\">Preis<\/th>\n<\/tr>\n<\/thead>\n<tbody>\n<tr>\n<td align=\"left\">Paket 1 (1 &#8211; 2 Dogwalkings \/ Woche)<\/p>\n<p>Paket 2 (3 &#8211; 4 Dogwalkings \/ Woche)<\/p>\n<p>Paket 3 (5 Dogwalkings \/ Woche)<\/p>\n<p>Geschwisterrabatt<\/p>\n<\/td>\n<td align=\"left\">\u20ac 30,- \/ Tour<\/p>\n<p>\u20ac 28,- \/ Tour<\/p>\n<p>\u20ac 25,- \/ Tour<\/p>\n<p>s. Preisliste<\/p>\n<\/td>\n<\/tr>\n<\/tbody>\n<\/table>\n<\/div>\n<div class=\"fusion-sep-clear\"><\/div><div class=\"fusion-separator fusion-full-width-sep\" style=\"margin-left: auto;margin-right: auto;width:100%;\"><\/div><div class=\"fusion-sep-clear\"><\/div><div class=\"fusion-sep-clear\"><\/div><div class=\"fusion-separator fusion-full-width-sep\" style=\"margin-left: auto;margin-right: auto;width:100%;\"><\/div><div class=\"fusion-sep-clear\"><\/div><div class=\"fusion-button-wrapper\"><style>.fusion-body .fusion-button.button-1{border-radius:0px 0px 0px 0px;}<\/style><a class=\"fusion-button button-flat button-medium button-default button-1 fusion-button-default-span fusion-button-default-type\" target=\"_blank\" rel=\"noopener noreferrer\" href=\"https:\/\/verschmitztes-dogwalking.de\/wp-content\/uploads\/2025\/08\/Preisliste-Dogwalking.pdf\" style=\"margin-right:10px;margin-left:10px;\"><span class=\"fusion-button-text\">Preisliste Dogwalking<\/span><\/a><\/div><div class=\"fusion-sep-clear\"><\/div><div class=\"fusion-separator fusion-full-width-sep\" style=\"margin-left: auto;margin-right: auto;margin-bottom:10px;width:100%;\"><div class=\"fusion-separator-border sep-single\" style=\"border-color:#ffff;border-top-width:1px;\"><\/div><\/div><div class=\"fusion-sep-clear\"><\/div><div class=\"fusion-button-wrapper\"><style>.fusion-body .fusion-button.button-2{border-radius:0px 0px 0px 0px;}<\/style><a class=\"fusion-button button-flat button-medium button-default button-2 fusion-button-default-span fusion-button-default-type\" target=\"_blank\" rel=\"noopener noreferrer\" href=\"https:\/\/verschmitztes-dogwalking.de\/wp-content\/uploads\/2023\/01\/Preisliste-Hundetraining.pdf\"><span class=\"fusion-button-text\">Preisliste Hundetraining<\/span><\/a><\/div><div class=\"fusion-sep-clear\"><\/div><div class=\"fusion-separator fusion-full-width-sep\" style=\"margin-left: auto;margin-right: auto;width:100%;\"><\/div><div class=\"fusion-sep-clear\"><\/div><div class=\"fusion-clearfix\"><\/div><\/div><\/div><div class=\"fusion-layout-column fusion_builder_column fusion-builder-column-1 fusion_builder_column_1_2 1_2 fusion-one-half fusion-column-last\" style=\"width:50%;width:calc(50% - ( ( 8% ) * 0.5 ) );margin-top:0px;margin-bottom:40px;\"><div class=\"fusion-column-wrapper fusion-flex-column-wrapper-legacy\" style=\"background-position:left top;background-repeat:no-repeat;-webkit-background-size:cover;-moz-background-size:cover;-o-background-size:cover;background-size:cover;padding: 0px 0px 0px 0px;\"><div class=\"fusion-text fusion-text-5\"><h3>Ihr Kontakt zu uns<\/h3>\n<\/div><div class=\"fusion-sep-clear\"><\/div><div class=\"fusion-separator fusion-full-width-sep\" style=\"margin-left: auto;margin-right: auto;margin-top:5px;width:100%;\"><\/div><div class=\"fusion-sep-clear\"><\/div><div class=\"fusion-builder-row fusion-builder-row-inner fusion-row\"><div class=\"fusion-layout-column fusion_builder_column_inner fusion-builder-nested-column-0 fusion_builder_column_inner_1_5 1_5 fusion-one-fifth fusion-column-first fusion-no-small-visibility\" style=\"width:20%;width:calc(20% - ( ( 0 ) * 0.2 ) );margin-right: 0px;margin-top:0px;margin-bottom:0px;\"><div class=\"fusion-column-wrapper fusion-flex-column-wrapper-legacy\" style=\"background-position:left top;background-repeat:no-repeat;-webkit-background-size:cover;-moz-background-size:cover;-o-background-size:cover;background-size:cover;background-color:#3ec492;padding: 20px 20px 30px 20px;\"><div class=\"fusion-column-content-centered\"><div class=\"fusion-column-content\"><div class=\"fusion-fa-align-center\"><i class=\"fb-icon-element-1 fb-icon-element fontawesome-icon fa fa-volume-control-phone circle-yes\" style=\"font-size:39.6px;line-height:77.2px;height:79.2px;width:79.2px;border-width:1px;border-radius:50% 50% 50% 50%;\"><\/i><\/div><style>i.fb-icon-element.fontawesome-icon.fb-icon-element-1{ color: #ffffff; background-color: rgba(61,67,76,0); border-color: rgba(61,67,76,0);}i.fb-icon-element.fontawesome-icon.fb-icon-element-1:hover { color: #ffffff; background-color: rgba(61,67,76,0); border-color: rgba(61,67,76,0);}<\/style><\/div><\/div><div class=\"fusion-clearfix\"><\/div><\/div><\/div><div class=\"fusion-layout-column fusion_builder_column_inner fusion-builder-nested-column-1 fusion_builder_column_inner_4_5 4_5 fusion-four-fifth fusion-column-last\" style=\"width:80%;width:calc(80% - ( ( 0 ) * 0.8 ) );margin-top:0px;margin-bottom:0px;\"><div class=\"fusion-column-wrapper fusion-flex-column-wrapper-legacy\" style=\"background-position:left top;background-repeat:no-repeat;-webkit-background-size:cover;-moz-background-size:cover;-o-background-size:cover;background-size:cover;background-color:#3ec492;padding: 25px 20px 40px 20px;\"><div class=\"fusion-column-content-centered\"><div class=\"fusion-column-content\"><div class=\"fusion-text fusion-text-6\"><p style=\"color: #fff; margin-bottom: 0;\">Telefon Dogwalking<\/p>\n<\/div><div class=\"fusion-text fusion-text-7\"><p style=\"font-size: 28px; line-height: 41px; margin-bottom: 0;\"><a style=\"color: #fff;\" href=\"tel:\/\/4915140269207\">0151 \/ 40269207<\/a><\/p>\n<\/div><\/div><\/div><div class=\"fusion-clearfix\"><\/div><\/div><\/div><\/div><div class=\"fusion-builder-row fusion-builder-row-inner fusion-row\"><div class=\"fusion-layout-column fusion_builder_column_inner fusion-builder-nested-column-2 fusion_builder_column_inner_1_5 1_5 fusion-one-fifth fusion-column-first fusion-no-small-visibility\" style=\"width:20%;width:calc(20% - ( ( 0 ) * 0.2 ) );margin-right: 0px;margin-top:0px;margin-bottom:0px;\"><div class=\"fusion-column-wrapper fusion-flex-column-wrapper-legacy\" style=\"background-position:left top;background-repeat:no-repeat;-webkit-background-size:cover;-moz-background-size:cover;-o-background-size:cover;background-size:cover;background-color:#3d434c;padding: 20px 20px 30px 20px;\"><div class=\"fusion-fa-align-center\"><i class=\"fb-icon-element-2 fb-icon-element fontawesome-icon fa fa-envelope-o circle-yes\" style=\"font-size:39.6px;line-height:77.2px;height:79.2px;width:79.2px;border-width:1px;border-radius:50% 50% 50% 50%;\"><\/i><\/div><style>i.fb-icon-element.fontawesome-icon.fb-icon-element-2{ color: #3ec492; background-color: rgba(61,67,76,0); border-color: rgba(61,67,76,0);}i.fb-icon-element.fontawesome-icon.fb-icon-element-2:hover { color: #3ec492; background-color: rgba(61,67,76,0); border-color: rgba(61,67,76,0);}<\/style><div class=\"fusion-clearfix\"><\/div><\/div><\/div><div class=\"fusion-layout-column fusion_builder_column_inner fusion-builder-nested-column-3 fusion_builder_column_inner_4_5 4_5 fusion-four-fifth fusion-column-last\" style=\"width:80%;width:calc(80% - ( ( 0 ) * 0.8 ) );margin-top:0px;margin-bottom:0px;\"><div class=\"fusion-column-wrapper fusion-flex-column-wrapper-legacy\" style=\"background-position:left top;background-repeat:no-repeat;-webkit-background-size:cover;-moz-background-size:cover;-o-background-size:cover;background-size:cover;background-color:#3d434c;padding: 25px 20px 40px 20px;\"><div class=\"fusion-text fusion-text-8\"><p style=\"color: #fff; margin-bottom: 0;\">Email Dogwalking<\/p>\n<\/div><div class=\"fusion-text fusion-text-9\"><p style=\"font-size: 20px; line-height: 41px; margin-bottom: 0;\"><a style=\"color: #fff;\" href=\"mailto:info@verschmitztes-dogwalking.de\">info@verschmitztes-dogwalking.de<\/a><\/p>\n<\/div><div class=\"fusion-clearfix\"><\/div><\/div><\/div><\/div><div class=\"fusion-clearfix\"><\/div><\/div><\/div><\/div><\/div>\n","protected":false},"excerpt":{"rendered":"","protected":false},"author":1,"featured_media":0,"parent":0,"menu_order":0,"comment_status":"closed","ping_status":"closed","template":"100-width.php","meta":[],"translation":{"provider":"WPGlobus","version":"3.0.0","language":"en","enabled_languages":["de","en"],"languages":{"de":{"title":true,"content":true,"excerpt":false},"en":{"title":false,"content":false,"excerpt":false}}},"_links":{"self":[{"href":"https:\/\/verschmitztes-dogwalking.de\/en\/wp-json\/wp\/v2\/pages\/2136"}],"collection":[{"href":"https:\/\/verschmitztes-dogwalking.de\/en\/wp-json\/wp\/v2\/pages"}],"about":[{"href":"https:\/\/verschmitztes-dogwalking.de\/en\/wp-json\/wp\/v2\/types\/page"}],"author":[{"embeddable":true,"href":"https:\/\/verschmitztes-dogwalking.de\/en\/wp-json\/wp\/v2\/users\/1"}],"replies":[{"embeddable":true,"href":"https:\/\/verschmitztes-dogwalking.de\/en\/wp-json\/wp\/v2\/comments?post=2136"}],"version-history":[{"count":92,"href":"https:\/\/verschmitztes-dogwalking.de\/en\/wp-json\/wp\/v2\/pages\/2136\/revisions"}],"predecessor-version":[{"id":3269,"href":"https:\/\/verschmitztes-dogwalking.de\/en\/wp-json\/wp\/v2\/pages\/2136\/revisions\/3269"}],"wp:attachment":[{"href":"https:\/\/verschmitztes-dogwalking.de\/en\/wp-json\/wp\/v2\/media?parent=2136"}],"curies":[{"name":"wp","href":"https:\/\/api.w.org\/{rel}","templated":true}]}}